{"id":23,"date":"2022-11-21T19:02:50","date_gmt":"2022-11-21T19:02:50","guid":{"rendered":"http:\/\/www.karmakablo.com\/?page_id=23"},"modified":"2022-11-29T19:07:15","modified_gmt":"2022-11-29T19:07:15","slug":"kurumsal","status":"publish","type":"page","link":"http:\/\/www.karmakablo.com\/?page_id=23","title":{"rendered":"Kurumsal"},"content":{"rendered":"\n<p>2013 y\u0131l\u0131nda kurulmu\u015f olan firmam\u0131z&nbsp;<strong>Karma Kablo<\/strong>, ticari ve end\u00fcstriyel faaliyetlerine&nbsp;<strong>kablo gruplamas\u0131<\/strong>&nbsp;\u00fcreterek ba\u015flam\u0131\u015ft\u0131r.<\/p>\n\n\n\n<p>D\u00fcnyan\u0131n h\u0131zla geli\u015fen \u00fcretim teknolojilerini ve m\u00fc\u015fteri gereksinimlerini yak\u0131ndan takip ederek k\u0131sa s\u00fcrede \u00fcretim ve \u00fcr\u00fcn portf\u00f6y\u00fcn\u00fc geni\u015fletmi\u015ftir.<\/p>\n\n\n\n<p>Halen \u0130stanbul-Esenyurt b\u00f6lgesindeki tesisinde&nbsp;<strong>Kablo Gruplama<\/strong>&nbsp;ve&nbsp;<strong>Fi\u015fli Kablo<\/strong>&nbsp;alanlar\u0131nda faaliyet g\u00f6stermektedir.<\/p>\n\n\n\n<p>Firmam\u0131z m\u00fc\u015fteri odakl\u0131l\u0131k ve kaliteli \u00fcretim anlay\u0131\u015f\u0131na g\u00f6sterdi\u011fi \u00f6zenden dolay\u0131 \u00f6nde gelen&nbsp;<strong>Elektrikli Ev Aletleri<\/strong>,&nbsp;<strong>Elektronik Cihazlar<\/strong>&nbsp;ve&nbsp;<strong>Otomotiv Sekt\u00f6r\u00fc<\/strong>ndeki&nbsp;firmalar\u0131n ilk tercihi olmaktad\u0131r.<\/p>\n\n\n\n<p>Ayr\u0131ca ge\u00e7mi\u015f y\u0131llar\u0131n tecr\u00fcbelerini g\u00fcn\u00fcm\u00fcz\u00fcn teknolojik yenilikleri ve ihtiya\u00e7lar\u0131 ile birle\u015ftirerek m\u00fc\u015fterilerine en uygun ko\u015fullarda en kaliteli \u00fcr\u00fcnleri sunmay\u0131 ama\u00e7lamaktad\u0131r.<\/p>\n\n\n\n<p>\u015eirketimizin s\u00fcrekli b\u00fcy\u00fcmesi; yeni \u00fcretim teknolojileri ve hizmetlerin ara\u015ft\u0131r\u0131lmas\u0131, geli\u015ftirilmesi ile sa\u011flanm\u0131\u015ft\u0131r.<\/p>\n\n\n\n<p class=\"has-text-align-center\">Sayg\u0131lar\u0131m\u0131zla,\u00a0<strong>Karma Kablo<\/strong><\/p>\n","protected":false},"excerpt":{"rendered":"<p>2013 y\u0131l\u0131nda kurulmu\u015f olan firmam\u0131z&nbsp;Karma Kablo, ticari ve end\u00fcstriyel faaliyetlerine&nbsp;kablo gruplamas\u0131&nbsp;\u00fcreterek ba\u015flam\u0131\u015ft\u0131r. D\u00fcnyan\u0131n h\u0131zla geli\u015fen \u00fcretim teknolojilerini ve m\u00fc\u015fteri gereksinimlerini yak\u0131ndan takip ederek k\u0131sa s\u00fcrede \u00fcretim ve \u00fcr\u00fcn portf\u00f6y\u00fcn\u00fc geni\u015fletmi\u015ftir. Halen \u0130stanbul-Esenyurt b\u00f6lgesindeki tesisinde&nbsp;Kablo Gruplama&nbsp;ve&nbsp;Fi\u015fli Kablo&nbsp;alanlar\u0131nda faaliyet g\u00f6stermektedir. Firmam\u0131z m\u00fc\u015fteri odakl\u0131l\u0131k ve kaliteli \u00fcretim anlay\u0131\u015f\u0131na g\u00f6sterdi\u011fi \u00f6zenden dolay\u0131 \u00f6nde gelen&nbsp;Elektrikli Ev Aletleri,&nbsp;Elektronik Cihazlar&nbsp;ve&nbsp;Otomotiv Sekt\u00f6r\u00fcndeki&nbsp;firmalar\u0131n ilk [&hellip;]<\/p>\n","protected":false},"author":1,"featured_media":0,"parent":0,"menu_order":0,"comment_status":"closed","ping_status":"closed","template":"templates\/template-page-full-width.php","meta":{"sfsi_plus_gutenberg_text_before_share":"","sfsi_plus_gutenberg_show_text_before_share":"","sfsi_plus_gutenberg_icon_type":"","sfsi_plus_gutenberg_icon_alignemt":"","sfsi_plus_gutenburg_max_per_row":""},"_links":{"self":[{"href":"http:\/\/www.karmakablo.com\/index.php?rest_route=\/wp\/v2\/pages\/23"}],"collection":[{"href":"http:\/\/www.karmakablo.com\/index.php?rest_route=\/wp\/v2\/pages"}],"about":[{"href":"http:\/\/www.karmakablo.com\/index.php?rest_route=\/wp\/v2\/types\/page"}],"author":[{"embeddable":true,"href":"http:\/\/www.karmakablo.com\/index.php?rest_route=\/wp\/v2\/users\/1"}],"replies":[{"embeddable":true,"href":"http:\/\/www.karmakablo.com\/index.php?rest_route=%2Fwp%2Fv2%2Fcomments&post=23"}],"version-history":[{"count":3,"href":"http:\/\/www.karmakablo.com\/index.php?rest_route=\/wp\/v2\/pages\/23\/revisions"}],"predecessor-version":[{"id":48,"href":"http:\/\/www.karmakablo.com\/index.php?rest_route=\/wp\/v2\/pages\/23\/revisions\/48"}],"wp:attachment":[{"href":"http:\/\/www.karmakablo.com\/index.php?rest_route=%2Fwp%2Fv2%2Fmedia&parent=23"}],"curies":[{"name":"wp","href":"https:\/\/api.w.org\/{rel}","templated":true}]}}